{"id":57,"date":"2023-03-30T09:56:55","date_gmt":"2023-03-30T09:56:55","guid":{"rendered":"https:\/\/gamekeys.biz\/?page_id=57"},"modified":"2023-03-30T09:57:31","modified_gmt":"2023-03-30T09:57:31","slug":"test123","status":"publish","type":"page","link":"https:\/\/gamekeys.biz\/","title":{"rendered":"Time to say goodbye"},"content":{"rendered":"\n<p>Der Onlineshop &#8222;gamekeys.biz&#8220; hat endg\u00fcltig seine Pforten geschlossen. F\u00fcr Eure langj\u00e4hrige Treue bedanken wir uns recht herzlich.<\/p>\n\n\n\n<p><em>Euer gamekeys.biz-Team<\/em><\/p>\n\n\n\n<p>The online store &#8222;gamekeys.biz&#8220; is closed forever. We want to thank you for your loyalty over the years.<\/p>\n\n\n\n<p><em>Your gamekeys.biz-team<\/em><\/p>\n","protected":false},"excerpt":{"rendered":"<p>Der Onlineshop &#8222;gamekeys.biz&#8220; hat endg\u00fcltig seine Pforten geschlossen. F\u00fcr Eure langj\u00e4hrige Treue bedanken wir uns recht herzlich. Euer gamekeys.biz-Team The online store &#8222;gamekeys.biz&#8220; is closed forever. We want to thank you for your loyalty over the years. Your gamekeys.biz-team<\/p>\n","protected":false},"author":1,"featured_media":0,"parent":0,"menu_order":0,"comment_status":"closed","ping_status":"closed","template":"","meta":[],"_links":{"self":[{"href":"https:\/\/gamekeys.biz\/index.php?rest_route=\/wp\/v2\/pages\/57"}],"collection":[{"href":"https:\/\/gamekeys.biz\/index.php?rest_route=\/wp\/v2\/pages"}],"about":[{"href":"https:\/\/gamekeys.biz\/index.php?rest_route=\/wp\/v2\/types\/page"}],"author":[{"embeddable":true,"href":"https:\/\/gamekeys.biz\/index.php?rest_route=\/wp\/v2\/users\/1"}],"replies":[{"embeddable":true,"href":"https:\/\/gamekeys.biz\/index.php?rest_route=%2Fwp%2Fv2%2Fcomments&post=57"}],"version-history":[{"count":2,"href":"https:\/\/gamekeys.biz\/index.php?rest_route=\/wp\/v2\/pages\/57\/revisions"}],"predecessor-version":[{"id":59,"href":"https:\/\/gamekeys.biz\/index.php?rest_route=\/wp\/v2\/pages\/57\/revisions\/59"}],"wp:attachment":[{"href":"https:\/\/gamekeys.biz\/index.php?rest_route=%2Fwp%2Fv2%2Fmedia&parent=57"}],"curies":[{"name":"wp","href":"https:\/\/api.w.org\/{rel}","templated":true}]}}